{"id":145,"date":"2020-11-18T14:42:24","date_gmt":"2020-11-18T13:42:24","guid":{"rendered":"http:\/\/praxis2.doradus.de\/?page_id=145"},"modified":"2025-02-27T07:59:25","modified_gmt":"2025-02-27T06:59:25","slug":"geburtsvorbereitung-crash-kurs","status":"publish","type":"page","link":"https:\/\/www.hebammenpraxis-grow.de\/index.php\/kurse\/geburtsvorbereitung-crash-kurs\/","title":{"rendered":"Geburtsvorbereitung Crash-Kurs"},"content":{"rendered":"\n<h3 class=\"has-text-color\" style=\"color:#ffe37e\">\u201e<em>Vorfreude, Neugier, Zeitdruck\u201c<\/em><\/h3>\n\n\n\n<p>F\u00fcr Alle, die keine Zeit haben, einen Kurs \u00fcber mehrere Wochen zu besuchen oder einfach sp\u00e4t dran sind!<\/p>\n\n\n\n<p>Der Geburtsvorbereitungskurs ist kurz und knapp gehalten, aber ihr erfahrt alles Wichtige rund um die Geburt, das Wochenbett und die erste gemeinsame Zeit danach.<\/p>\n\n\n\n<h2><mark style=\"background-color:rgba(0, 0, 0, 0);color:#fcd041\" class=\"has-inline-color\">Kurszeiten<\/mark><\/h2>\n\n\n\n<p><strong>Freitags von 17.00-20.00 Uhr <br>Samstags von 9.00-12.00 Uhr<\/strong><\/p>\n\n\n\n<h2><mark style=\"background-color:rgba(0, 0, 0, 0);color:#fcd041\" class=\"has-inline-color\">Kurstermine<\/mark><\/h2>\n\n\n\n<p><strong>Termine auf Anfrage<\/strong><\/p>\n\n\n\n<p><\/p>\n","protected":false},"excerpt":{"rendered":"<p>\u201eVorfreude, Neugier, Zeitdruck\u201c F\u00fcr Alle, die keine Zeit haben, einen Kurs \u00fcber mehrere Wochen zu besuchen oder einfach sp\u00e4t dran sind! Der Geburtsvorbereitungskurs ist kurz und knapp gehalten, aber ihr erfahrt alles Wichtige rund um die Geburt, das Wochenbett und die erste gemeinsame Zeit danach. Kurszeiten Freitags von 17.00-20.00 Uhr Samstags von 9.00-12.00 Uhr Kurstermine&#8230;<\/p>\n","protected":false},"author":2,"featured_media":483,"parent":47,"menu_order":1,"comment_status":"closed","ping_status":"closed","template":"nosidebar.php","meta":[],"_links":{"self":[{"href":"https:\/\/www.hebammenpraxis-grow.de\/index.php\/wp-json\/wp\/v2\/pages\/145"}],"collection":[{"href":"https:\/\/www.hebammenpraxis-grow.de\/index.php\/wp-json\/wp\/v2\/pages"}],"about":[{"href":"https:\/\/www.hebammenpraxis-grow.de\/index.php\/wp-json\/wp\/v2\/types\/page"}],"author":[{"embeddable":true,"href":"https:\/\/www.hebammenpraxis-grow.de\/index.php\/wp-json\/wp\/v2\/users\/2"}],"replies":[{"embeddable":true,"href":"https:\/\/www.hebammenpraxis-grow.de\/index.php\/wp-json\/wp\/v2\/comments?post=145"}],"version-history":[{"count":9,"href":"https:\/\/www.hebammenpraxis-grow.de\/index.php\/wp-json\/wp\/v2\/pages\/145\/revisions"}],"predecessor-version":[{"id":652,"href":"https:\/\/www.hebammenpraxis-grow.de\/index.php\/wp-json\/wp\/v2\/pages\/145\/revisions\/652"}],"up":[{"embeddable":true,"href":"https:\/\/www.hebammenpraxis-grow.de\/index.php\/wp-json\/wp\/v2\/pages\/47"}],"wp:featuredmedia":[{"embeddable":true,"href":"https:\/\/www.hebammenpraxis-grow.de\/index.php\/wp-json\/wp\/v2\/media\/483"}],"wp:attachment":[{"href":"https:\/\/www.hebammenpraxis-grow.de\/index.php\/wp-json\/wp\/v2\/media?parent=145"}],"curies":[{"name":"wp","href":"https:\/\/api.w.org\/{rel}","templated":true}]}}