{"id":151,"date":"2020-11-18T14:53:58","date_gmt":"2020-11-18T13:53:58","guid":{"rendered":"http:\/\/praxis2.doradus.de\/?page_id=151"},"modified":"2025-02-27T08:09:14","modified_gmt":"2025-02-27T07:09:14","slug":"geburtsvorbereitende-akupunktur","status":"publish","type":"page","link":"https:\/\/www.hebammenpraxis-grow.de\/index.php\/akupunktur\/geburtsvorbereitende-akupunktur\/","title":{"rendered":"Geburtsvorbereitende Akupunktur"},"content":{"rendered":"\n<h3 class=\"has-text-color\" style=\"color:#ffe37e\"><em>\u201eVorbereitung, Gleichgewicht, Entspannung\u201c<\/em><\/h3>\n\n\n\n<p>Die geburtsvorbereitende Akupunktur ist mittlerweile eine etablierte Methode K\u00f6rper &amp; Seele auf die Geburt vorzubereiten. In einer Studie in Mannheim mit knapp 1000 Schwangeren wurde belegt, dass sich der Muttermund unter der Geburt schneller \u00f6ffnet.<\/p>\n\n\n\n<p>Neben der verk\u00fcrzten Er\u00f6ffnungsperiode ( ~2 Stunden schneller), stellte man fest, dass die Muttermundreifung zum Entbindungstermin unterst\u00fctzt wird, es traten weniger Wehen St\u00f6rungen unter der Geburt auf und es bedurfte weniger medikament\u00f6ser Wehen- Unterst\u00fctzung unter der Geburt. Die Austreibungsphase und den Entbindungstermin hat die Akupunktur nicht ver\u00e4ndert oder beeinflusst.<\/p>\n\n\n\n<h2><mark style=\"background-color:rgba(0, 0, 0, 0);color:#fcd041\" class=\"has-inline-color\">Termine<\/mark><\/h2>\n\n\n\n<p><strong>Ab der 36. Schwangerschaftswoche  <br>Einmal w\u00f6chentlich in insgesamt 4 Sitzungen<\/strong><\/p>\n\n\n\n<p> <\/p>\n","protected":false},"excerpt":{"rendered":"<p>\u201eVorbereitung, Gleichgewicht, Entspannung\u201c Die geburtsvorbereitende Akupunktur ist mittlerweile eine etablierte Methode K\u00f6rper &amp; Seele auf die Geburt vorzubereiten. In einer Studie in Mannheim mit knapp 1000 Schwangeren wurde belegt, dass sich der Muttermund unter der Geburt schneller \u00f6ffnet. Neben der verk\u00fcrzten Er\u00f6ffnungsperiode ( ~2 Stunden schneller), stellte man fest, dass die Muttermundreifung zum Entbindungstermin unterst\u00fctzt&#8230;<\/p>\n","protected":false},"author":2,"featured_media":478,"parent":53,"menu_order":1,"comment_status":"closed","ping_status":"closed","template":"nosidebar.php","meta":[],"_links":{"self":[{"href":"https:\/\/www.hebammenpraxis-grow.de\/index.php\/wp-json\/wp\/v2\/pages\/151"}],"collection":[{"href":"https:\/\/www.hebammenpraxis-grow.de\/index.php\/wp-json\/wp\/v2\/pages"}],"about":[{"href":"https:\/\/www.hebammenpraxis-grow.de\/index.php\/wp-json\/wp\/v2\/types\/page"}],"author":[{"embeddable":true,"href":"https:\/\/www.hebammenpraxis-grow.de\/index.php\/wp-json\/wp\/v2\/users\/2"}],"replies":[{"embeddable":true,"href":"https:\/\/www.hebammenpraxis-grow.de\/index.php\/wp-json\/wp\/v2\/comments?post=151"}],"version-history":[{"count":5,"href":"https:\/\/www.hebammenpraxis-grow.de\/index.php\/wp-json\/wp\/v2\/pages\/151\/revisions"}],"predecessor-version":[{"id":659,"href":"https:\/\/www.hebammenpraxis-grow.de\/index.php\/wp-json\/wp\/v2\/pages\/151\/revisions\/659"}],"up":[{"embeddable":true,"href":"https:\/\/www.hebammenpraxis-grow.de\/index.php\/wp-json\/wp\/v2\/pages\/53"}],"wp:featuredmedia":[{"embeddable":true,"href":"https:\/\/www.hebammenpraxis-grow.de\/index.php\/wp-json\/wp\/v2\/media\/478"}],"wp:attachment":[{"href":"https:\/\/www.hebammenpraxis-grow.de\/index.php\/wp-json\/wp\/v2\/media?parent=151"}],"curies":[{"name":"wp","href":"https:\/\/api.w.org\/{rel}","templated":true}]}}