{"id":182,"date":"2020-11-19T08:57:06","date_gmt":"2020-11-19T07:57:06","guid":{"rendered":"http:\/\/praxis2.doradus.de\/?page_id=182"},"modified":"2020-12-27T15:05:20","modified_gmt":"2020-12-27T14:05:20","slug":"hilfe-bei-beschwerden","status":"publish","type":"page","link":"https:\/\/www.hebammenpraxis-grow.de\/index.php\/vorgespraech\/hilfe-bei-beschwerden\/","title":{"rendered":"Hilfe bei Beschwerden"},"content":{"rendered":"\n<h2><em>\u201eWenn es mal nicht rund l\u00e4uft\u2026\u201c<\/em><\/h2>\n\n\n\n<p class=\"has-text-align-left\">Im Verlauf der Schwangerschaft kommt es zu zahlreichen hormonellen und k\u00f6rperlichen Ver\u00e4nderungen, dadurch kann es zu vielerlei Beschwerden kommen. Wir \u00fcberlegen gemeinsam, welche Behandlungsm\u00f6glichkeiten f\u00fcr Euch in Frage kommen, um diese Beschwerden zu lindern.<\/p>\n\n\n\n<div class=\"wp-block-image\"><figure class=\"alignright size-large is-resized\"><img loading=\"lazy\" src=\"https:\/\/www.hebammenpraxis-grow.de\/wp-content\/uploads\/2020\/12\/Schwangerenbauch-mit-Pinard-700x467.jpg\" alt=\"Schwangerenbauch mit Pinard\" class=\"wp-image-562\" width=\"243\" height=\"162\" srcset=\"https:\/\/www.hebammenpraxis-grow.de\/wp-content\/uploads\/2020\/12\/Schwangerenbauch-mit-Pinard-700x467.jpg 700w, https:\/\/www.hebammenpraxis-grow.de\/wp-content\/uploads\/2020\/12\/Schwangerenbauch-mit-Pinard-300x200.jpg 300w, https:\/\/www.hebammenpraxis-grow.de\/wp-content\/uploads\/2020\/12\/Schwangerenbauch-mit-Pinard-768x512.jpg 768w, https:\/\/www.hebammenpraxis-grow.de\/wp-content\/uploads\/2020\/12\/Schwangerenbauch-mit-Pinard-1536x1024.jpg 1536w, https:\/\/www.hebammenpraxis-grow.de\/wp-content\/uploads\/2020\/12\/Schwangerenbauch-mit-Pinard-2048x1365.jpg 2048w, https:\/\/www.hebammenpraxis-grow.de\/wp-content\/uploads\/2020\/12\/Schwangerenbauch-mit-Pinard-800x533.jpg 800w\" sizes=\"(max-width: 243px) 100vw, 243px\" \/><\/figure><\/div>\n\n\n\n<p>In meiner Arbeit leisten mir Akupunktur und Aku- Taping als alternative Therapieformen au\u00dferordentlich gute Dienste.<\/p>\n\n\n\n<p>Die Wahl der sinnvollsten Behandlungsm\u00f6glichkeiten erfolgt immer ganz individuell und in Zusammenarbeit mit Ihrem Frauenarzt, mir als Hebamme und evtl. weiteren Therapeuten.<\/p>\n","protected":false},"excerpt":{"rendered":"<p>\u201eWenn es mal nicht rund l\u00e4uft\u2026\u201c Im Verlauf der Schwangerschaft kommt es zu zahlreichen hormonellen und k\u00f6rperlichen Ver\u00e4nderungen, dadurch kann es zu vielerlei Beschwerden kommen. Wir \u00fcberlegen gemeinsam, welche Behandlungsm\u00f6glichkeiten f\u00fcr Euch in Frage kommen, um diese Beschwerden zu lindern. In meiner Arbeit leisten mir Akupunktur und Aku- Taping als alternative Therapieformen au\u00dferordentlich gute Dienste&#8230;.<\/p>\n","protected":false},"author":2,"featured_media":484,"parent":39,"menu_order":1,"comment_status":"closed","ping_status":"closed","template":"nosidebar.php","meta":[],"_links":{"self":[{"href":"https:\/\/www.hebammenpraxis-grow.de\/index.php\/wp-json\/wp\/v2\/pages\/182"}],"collection":[{"href":"https:\/\/www.hebammenpraxis-grow.de\/index.php\/wp-json\/wp\/v2\/pages"}],"about":[{"href":"https:\/\/www.hebammenpraxis-grow.de\/index.php\/wp-json\/wp\/v2\/types\/page"}],"author":[{"embeddable":true,"href":"https:\/\/www.hebammenpraxis-grow.de\/index.php\/wp-json\/wp\/v2\/users\/2"}],"replies":[{"embeddable":true,"href":"https:\/\/www.hebammenpraxis-grow.de\/index.php\/wp-json\/wp\/v2\/comments?post=182"}],"version-history":[{"count":6,"href":"https:\/\/www.hebammenpraxis-grow.de\/index.php\/wp-json\/wp\/v2\/pages\/182\/revisions"}],"predecessor-version":[{"id":566,"href":"https:\/\/www.hebammenpraxis-grow.de\/index.php\/wp-json\/wp\/v2\/pages\/182\/revisions\/566"}],"up":[{"embeddable":true,"href":"https:\/\/www.hebammenpraxis-grow.de\/index.php\/wp-json\/wp\/v2\/pages\/39"}],"wp:featuredmedia":[{"embeddable":true,"href":"https:\/\/www.hebammenpraxis-grow.de\/index.php\/wp-json\/wp\/v2\/media\/484"}],"wp:attachment":[{"href":"https:\/\/www.hebammenpraxis-grow.de\/index.php\/wp-json\/wp\/v2\/media?parent=182"}],"curies":[{"name":"wp","href":"https:\/\/api.w.org\/{rel}","templated":true}]}}