{"id":219,"date":"2020-11-19T10:17:34","date_gmt":"2020-11-19T09:17:34","guid":{"rendered":"http:\/\/praxis2.doradus.de\/?page_id=219"},"modified":"2026-04-28T07:54:23","modified_gmt":"2026-04-28T05:54:23","slug":"milchbar","status":"publish","type":"page","link":"https:\/\/www.hebammenpraxis-grow.de\/index.php\/milchbar\/","title":{"rendered":"Milchbar"},"content":{"rendered":"\n<h2><em>\u201eKaffee\/Milch, Quatschen, Spielen\u201c<\/em><\/h2>\n\n\n\n<p>Jeden 1. und 3. Freitag im Monat seid Ihr in der Milchbar herzlich willkommen. Dort k\u00f6nnt Ihr ganz entspannt und zwanglos bei einer Tasse Kaffee oder Tee mit anderen Mamis ins Gespr\u00e4ch kommen. <\/p>\n\n\n\n<p>Ihr k\u00f6nnt Euch austauschen und von den Erfahrungen anderer profitieren und ich stehe Euch nat\u00fcrlich auch f\u00fcr Fragen zur Verf\u00fcgung. Ich biete euch verschiedene Literatur Angebote an und auf Wunsch stehen verschiedene Tragevarianten zum Ausprobieren zur Verf\u00fcgung. Eure Kinder bekommen ersten Kontakt zu anderen Babys.&nbsp; Es besteht auch die M\u00f6glichkeit Eure Kinder zu wiegen.<\/p>\n\n\n\n<p>Ich freue mich auf einen entspannten Vormittag mit Euch!<\/p>\n\n\n\n<p><strong>Milchbar ist ge\u00f6ffnet von 11 Uhr bis 12.30 Uhr\u2026<\/strong><\/p>\n\n\n\n<p><strong>\u2026 an jedem 1. Freitag im Monat <\/strong><br><strong>\u2026 an jedem 3. Freitag im Monat <\/strong><\/p>\n\n\n\n<p><strong>Die Milchbar findet aufgrund der Feiertage im Mai und Juni an folgenden Terminen statt: <\/strong><\/p>\n\n\n\n<p><strong>8. Mai\/ 22. Mai\/ 3. Juni\/ 26. Juni <\/strong>  <\/p>\n\n\n\n<p>                                 <\/p>\n\n\n\n<p>Die Milchbar findet nicht an Feiertagen und in den Schulferien statt!<\/p>\n\n\n\n<p>Um Anmeldung per Telefon oder SMS wird gebeten.<\/p>\n\n\n\n<p><strong>Anmeldung unter 02938-9791570 oder 0151-65143289<\/strong><\/p>\n","protected":false},"excerpt":{"rendered":"<p>\u201eKaffee\/Milch, Quatschen, Spielen\u201c Jeden 1. und 3. Freitag im Monat seid Ihr in der Milchbar herzlich willkommen. Dort k\u00f6nnt Ihr ganz entspannt und zwanglos bei einer Tasse Kaffee oder Tee mit anderen Mamis ins Gespr\u00e4ch kommen. Ihr k\u00f6nnt Euch austauschen und von den Erfahrungen anderer profitieren und ich stehe Euch nat\u00fcrlich auch f\u00fcr Fragen zur&#8230;<\/p>\n","protected":false},"author":2,"featured_media":480,"parent":0,"menu_order":0,"comment_status":"closed","ping_status":"closed","template":"nosidebar.php","meta":[],"_links":{"self":[{"href":"https:\/\/www.hebammenpraxis-grow.de\/index.php\/wp-json\/wp\/v2\/pages\/219"}],"collection":[{"href":"https:\/\/www.hebammenpraxis-grow.de\/index.php\/wp-json\/wp\/v2\/pages"}],"about":[{"href":"https:\/\/www.hebammenpraxis-grow.de\/index.php\/wp-json\/wp\/v2\/types\/page"}],"author":[{"embeddable":true,"href":"https:\/\/www.hebammenpraxis-grow.de\/index.php\/wp-json\/wp\/v2\/users\/2"}],"replies":[{"embeddable":true,"href":"https:\/\/www.hebammenpraxis-grow.de\/index.php\/wp-json\/wp\/v2\/comments?post=219"}],"version-history":[{"count":19,"href":"https:\/\/www.hebammenpraxis-grow.de\/index.php\/wp-json\/wp\/v2\/pages\/219\/revisions"}],"predecessor-version":[{"id":667,"href":"https:\/\/www.hebammenpraxis-grow.de\/index.php\/wp-json\/wp\/v2\/pages\/219\/revisions\/667"}],"wp:featuredmedia":[{"embeddable":true,"href":"https:\/\/www.hebammenpraxis-grow.de\/index.php\/wp-json\/wp\/v2\/media\/480"}],"wp:attachment":[{"href":"https:\/\/www.hebammenpraxis-grow.de\/index.php\/wp-json\/wp\/v2\/media?parent=219"}],"curies":[{"name":"wp","href":"https:\/\/api.w.org\/{rel}","templated":true}]}}