{"id":353,"date":"2020-11-26T21:19:03","date_gmt":"2020-11-26T20:19:03","guid":{"rendered":"http:\/\/praxis2.doradus.de\/?page_id=353"},"modified":"2025-02-27T08:23:01","modified_gmt":"2025-02-27T07:23:01","slug":"impressum","status":"publish","type":"page","link":"https:\/\/www.hebammenpraxis-grow.de\/index.php\/impressum\/","title":{"rendered":"Impressum"},"content":{"rendered":"\n<p>Angaben gem\u00e4\u00df \u00a75 TMG<\/p>\n\n\n\n<h2>Hebammenpraxis Katharina Grow<\/h2>\n\n\n\n<p>Birkenweg 8a<br>59469 Ense-Niederense<\/p>\n\n\n\n<p><strong>Fon:<\/strong> 0\u00a029\u00a038\u00a0&#8211;\u00a0979\u00a015\u00a070 <br><strong>Mobil:<\/strong> 0\u00a0151\u00a0&#8211;\u00a0651\u00a0432\u00a089<\/p>\n\n\n\n<p><strong>Email:<\/strong> info@hebammenpraxis-grow.de<br><br><strong>Web:<\/strong> http:\/\/www.hebammenpraxis-grow.de<\/p>\n\n\n\n<p>Inhaltlich Verantwortlicher gem\u00e4\u00df \u00a7 55 Abs. 2 RStV: Katharina Grow<\/p>\n\n\n\n<h2>Rechtliche Hinweise<\/h2>\n\n\n\n<p>Trotz sorgf\u00e4ltiger inhaltlicher Kontrolle \u00fcbernimmt die Hebammenpraxis Katharina Grow keine Haftung f\u00fcr die Inhalte externer Links. F\u00fcr den Inhalt der verlinkten Seiten sind ausschlie\u00dflich deren Betreiber verantwortlich.<\/p>\n","protected":false},"excerpt":{"rendered":"<p>Angaben gem\u00e4\u00df \u00a75 TMG Hebammenpraxis Katharina Grow Birkenweg 8a59469 Ense-Niederense Fon: 0\u00a029\u00a038\u00a0&#8211;\u00a0979\u00a015\u00a070 Mobil: 0\u00a0151\u00a0&#8211;\u00a0651\u00a0432\u00a089 Email: info@hebammenpraxis-grow.de Web: http:\/\/www.hebammenpraxis-grow.de Inhaltlich Verantwortlicher gem\u00e4\u00df \u00a7 55 Abs. 2 RStV: Katharina Grow Rechtliche Hinweise Trotz sorgf\u00e4ltiger inhaltlicher Kontrolle \u00fcbernimmt die Hebammenpraxis Katharina Grow keine Haftung f\u00fcr die Inhalte externer Links. F\u00fcr den Inhalt der verlinkten Seiten sind ausschlie\u00dflich deren&#8230;<\/p>\n","protected":false},"author":2,"featured_media":0,"parent":0,"menu_order":0,"comment_status":"closed","ping_status":"closed","template":"nosidebar.php","meta":[],"_links":{"self":[{"href":"https:\/\/www.hebammenpraxis-grow.de\/index.php\/wp-json\/wp\/v2\/pages\/353"}],"collection":[{"href":"https:\/\/www.hebammenpraxis-grow.de\/index.php\/wp-json\/wp\/v2\/pages"}],"about":[{"href":"https:\/\/www.hebammenpraxis-grow.de\/index.php\/wp-json\/wp\/v2\/types\/page"}],"author":[{"embeddable":true,"href":"https:\/\/www.hebammenpraxis-grow.de\/index.php\/wp-json\/wp\/v2\/users\/2"}],"replies":[{"embeddable":true,"href":"https:\/\/www.hebammenpraxis-grow.de\/index.php\/wp-json\/wp\/v2\/comments?post=353"}],"version-history":[{"count":7,"href":"https:\/\/www.hebammenpraxis-grow.de\/index.php\/wp-json\/wp\/v2\/pages\/353\/revisions"}],"predecessor-version":[{"id":662,"href":"https:\/\/www.hebammenpraxis-grow.de\/index.php\/wp-json\/wp\/v2\/pages\/353\/revisions\/662"}],"wp:attachment":[{"href":"https:\/\/www.hebammenpraxis-grow.de\/index.php\/wp-json\/wp\/v2\/media?parent=353"}],"curies":[{"name":"wp","href":"https:\/\/api.w.org\/{rel}","templated":true}]}}