{"id":355,"date":"2020-11-26T21:19:03","date_gmt":"2020-11-26T20:19:03","guid":{"rendered":"http:\/\/praxis2.doradus.de\/?page_id=355"},"modified":"2021-01-20T17:23:53","modified_gmt":"2021-01-20T16:23:53","slug":"anfahrt","status":"publish","type":"page","link":"https:\/\/www.hebammenpraxis-grow.de\/index.php\/anfahrt\/","title":{"rendered":"Anfahrt"},"content":{"rendered":"\n<p>Ihr findet die Praxis im Ortskern von Niederense\u2026<\/p>\n\n\n\n<div class=\"wp-block-image\"><figure class=\"alignright size-large is-resized\"><img loading=\"lazy\" src=\"https:\/\/www.hebammenpraxis-grow.de\/wp-content\/uploads\/2021\/01\/Beachflag2-700x467.jpg\" alt=\"\" class=\"wp-image-575\" width=\"188\" height=\"125\" srcset=\"https:\/\/www.hebammenpraxis-grow.de\/wp-content\/uploads\/2021\/01\/Beachflag2-700x467.jpg 700w, https:\/\/www.hebammenpraxis-grow.de\/wp-content\/uploads\/2021\/01\/Beachflag2-300x200.jpg 300w, https:\/\/www.hebammenpraxis-grow.de\/wp-content\/uploads\/2021\/01\/Beachflag2-768x512.jpg 768w, https:\/\/www.hebammenpraxis-grow.de\/wp-content\/uploads\/2021\/01\/Beachflag2-1536x1024.jpg 1536w, https:\/\/www.hebammenpraxis-grow.de\/wp-content\/uploads\/2021\/01\/Beachflag2-2048x1365.jpg 2048w, https:\/\/www.hebammenpraxis-grow.de\/wp-content\/uploads\/2021\/01\/Beachflag2-800x533.jpg 800w\" sizes=\"(max-width: 188px) 100vw, 188px\" \/><\/figure><\/div>\n\n\n\n<p>Hebammenpraxis Katharina Grow<\/p>\n\n\n\n<p><strong>Birkenweg 8a<\/strong><\/p>\n\n\n\n<p>Die Praxis befindet sich auf der rechten Stra\u00dfenseite in einer Sackgasse. <br>Es ist ein gelber Anbau, der etwas zur\u00fcckgesetzt steht.<\/p>\n\n\n\n<h3>Parkm\u00f6glichkeiten<\/h3>\n\n\n\n<p>Vor der Praxis befinden sich drei Parkpl\u00e4tze. <br>Bitte parkt so, dass auch drei Autos Platz finden!<\/p>\n\n\n\n<p>Am Ende der Stra\u00dfe befinden sich zudem drei \u00f6ffentliche Parkpl\u00e4tze und auf der Stra\u00dfe \u201eAm Bahndamm\u201c findet ihr gro\u00dfe Haltebuchten. Von dort sind es nur wenige Gehminuten bis zur Praxis.<\/p>\n","protected":false},"excerpt":{"rendered":"<p>Ihr findet die Praxis im Ortskern von Niederense\u2026 Hebammenpraxis Katharina Grow Birkenweg 8a Die Praxis befindet sich auf der rechten Stra\u00dfenseite in einer Sackgasse. Es ist ein gelber Anbau, der etwas zur\u00fcckgesetzt steht. Parkm\u00f6glichkeiten Vor der Praxis befinden sich drei Parkpl\u00e4tze. Bitte parkt so, dass auch drei Autos Platz finden! Am Ende der Stra\u00dfe befinden&#8230;<\/p>\n","protected":false},"author":2,"featured_media":493,"parent":0,"menu_order":0,"comment_status":"closed","ping_status":"closed","template":"nosidebar.php","meta":[],"_links":{"self":[{"href":"https:\/\/www.hebammenpraxis-grow.de\/index.php\/wp-json\/wp\/v2\/pages\/355"}],"collection":[{"href":"https:\/\/www.hebammenpraxis-grow.de\/index.php\/wp-json\/wp\/v2\/pages"}],"about":[{"href":"https:\/\/www.hebammenpraxis-grow.de\/index.php\/wp-json\/wp\/v2\/types\/page"}],"author":[{"embeddable":true,"href":"https:\/\/www.hebammenpraxis-grow.de\/index.php\/wp-json\/wp\/v2\/users\/2"}],"replies":[{"embeddable":true,"href":"https:\/\/www.hebammenpraxis-grow.de\/index.php\/wp-json\/wp\/v2\/comments?post=355"}],"version-history":[{"count":5,"href":"https:\/\/www.hebammenpraxis-grow.de\/index.php\/wp-json\/wp\/v2\/pages\/355\/revisions"}],"predecessor-version":[{"id":587,"href":"https:\/\/www.hebammenpraxis-grow.de\/index.php\/wp-json\/wp\/v2\/pages\/355\/revisions\/587"}],"wp:featuredmedia":[{"embeddable":true,"href":"https:\/\/www.hebammenpraxis-grow.de\/index.php\/wp-json\/wp\/v2\/media\/493"}],"wp:attachment":[{"href":"https:\/\/www.hebammenpraxis-grow.de\/index.php\/wp-json\/wp\/v2\/media?parent=355"}],"curies":[{"name":"wp","href":"https:\/\/api.w.org\/{rel}","templated":true}]}}