{"id":385,"date":"2020-12-01T15:54:43","date_gmt":"2020-12-01T14:54:43","guid":{"rendered":"http:\/\/praxis2.doradus.de\/?page_id=385"},"modified":"2025-02-27T07:57:56","modified_gmt":"2025-02-27T06:57:56","slug":"covid-19-pandemie","status":"publish","type":"page","link":"https:\/\/www.hebammenpraxis-grow.de\/index.php\/covid-19-pandemie\/","title":{"rendered":"COVID-19 Pandemie"},"content":{"rendered":"\n<p>Aktuell ist es wichtig sich f\u00fcr Termine und Kurse verbindlich anzumelden, damit es m\u00f6glich ist, die notwendigen Hygieneauflagen und Abst\u00e4nde einzuhalten.<\/p>\n\n\n\n<p><strong>Ich bin auf eure Mithilfe angewiesen und bitte euch die \u00fcblichen Hygieneregeln zu beachten:<\/strong><\/p>\n\n\n\n<ul><li>Mundschutz tragen<\/li><li>H\u00e4nde regelm\u00e4\u00dfig und gr\u00fcndlich waschen<\/li><li>Abstandsregeln von mindestens. 1,5 bis 2 Metern einhalten<\/li><\/ul>\n\n\n\n<p>Bitte nach dem Betreten und vor dem Verlassen der Praxis die H\u00e4nde waschen, au\u00dferdem findet ihr im Eingangsbereich und auf den Toiletten H\u00e4ndedesinfektionsmittel.<\/p>\n\n\n\n<p><\/p>\n\n\n\n<p>Ich bitte Euch bei allen Pr\u00e4senzterminen nur teilzunehmen, wenn Ihr Euch absolut gesund f\u00fchlt und sich kein in Eurem Haushalt wohnendes Familienmitglied in beh\u00f6rdlicher Quarant\u00e4ne befindet.<\/p>\n\n\n\n<p>Bitte bringt zu den Kursen ein eigenes gro\u00dfes Handtuch,&nbsp;Decke und Getr\u00e4nke mit.&nbsp;<\/p>\n\n\n\n<p><\/p>\n\n\n\n<p class=\"handwriting\">Eure Katharina<\/p>\n","protected":false},"excerpt":{"rendered":"<p>Aktuell ist es wichtig sich f\u00fcr Termine und Kurse verbindlich anzumelden, damit es m\u00f6glich ist, die notwendigen Hygieneauflagen und Abst\u00e4nde einzuhalten. Ich bin auf eure Mithilfe angewiesen und bitte euch die \u00fcblichen Hygieneregeln zu beachten: Mundschutz tragen H\u00e4nde regelm\u00e4\u00dfig und gr\u00fcndlich waschen Abstandsregeln von mindestens. 1,5 bis 2 Metern einhalten Bitte nach dem Betreten und&#8230;<\/p>\n","protected":false},"author":2,"featured_media":471,"parent":0,"menu_order":0,"comment_status":"closed","ping_status":"closed","template":"nosidebar.php","meta":[],"_links":{"self":[{"href":"https:\/\/www.hebammenpraxis-grow.de\/index.php\/wp-json\/wp\/v2\/pages\/385"}],"collection":[{"href":"https:\/\/www.hebammenpraxis-grow.de\/index.php\/wp-json\/wp\/v2\/pages"}],"about":[{"href":"https:\/\/www.hebammenpraxis-grow.de\/index.php\/wp-json\/wp\/v2\/types\/page"}],"author":[{"embeddable":true,"href":"https:\/\/www.hebammenpraxis-grow.de\/index.php\/wp-json\/wp\/v2\/users\/2"}],"replies":[{"embeddable":true,"href":"https:\/\/www.hebammenpraxis-grow.de\/index.php\/wp-json\/wp\/v2\/comments?post=385"}],"version-history":[{"count":7,"href":"https:\/\/www.hebammenpraxis-grow.de\/index.php\/wp-json\/wp\/v2\/pages\/385\/revisions"}],"predecessor-version":[{"id":650,"href":"https:\/\/www.hebammenpraxis-grow.de\/index.php\/wp-json\/wp\/v2\/pages\/385\/revisions\/650"}],"wp:featuredmedia":[{"embeddable":true,"href":"https:\/\/www.hebammenpraxis-grow.de\/index.php\/wp-json\/wp\/v2\/media\/471"}],"wp:attachment":[{"href":"https:\/\/www.hebammenpraxis-grow.de\/index.php\/wp-json\/wp\/v2\/media?parent=385"}],"curies":[{"name":"wp","href":"https:\/\/api.w.org\/{rel}","templated":true}]}}