{"id":47,"date":"2020-11-14T10:17:56","date_gmt":"2020-11-14T09:17:56","guid":{"rendered":"http:\/\/praxis2.doradus.de\/?page_id=47"},"modified":"2025-02-27T07:58:40","modified_gmt":"2025-02-27T06:58:40","slug":"kurse","status":"publish","type":"page","link":"https:\/\/www.hebammenpraxis-grow.de\/index.php\/kurse\/","title":{"rendered":"Kurse"},"content":{"rendered":"\n<p><a href=\"https:\/\/www.hebammenpraxis-grow.de\/index.php\/kurse\/geburtsvorbereitungskurs\/\" data-type=\"page\" data-id=\"72\">Geburtsvorbereitungskurs<\/a><\/p>\n\n\n\n<p>In diesem Kurs erfahrt ihr alles rund um die Geburt, das Wochenbett und die erste gemeinsame Zeit danach! Ihr habt die M\u00f6glichkeit euch mit anderen Schwangeren auszutauschen und all eure Fragen zu stellen.<\/p>\n\n\n\n<p><a href=\"https:\/\/www.hebammenpraxis-grow.de\/index.php\/kurse\/geburtsvorbereitung-crash-kurs\/\" data-type=\"page\" data-id=\"145\">Geburtsvorbereitung: Crash-Kurs<\/a><\/p>\n\n\n\n<p>F\u00fcr Alle, die keine Zeit haben, einen Kurs \u00fcber mehrere Wochen zu besuchen oder einfach sp\u00e4t dran sind!<\/p>\n\n\n\n<p><a href=\"https:\/\/www.hebammenpraxis-grow.de\/index.php\/kurse\/saeuglingspflegekurs\/\" data-type=\"page\" data-id=\"42\">S\u00e4uglingspflegekurs<\/a><\/p>\n\n\n\n<p>In diesem Kurs geht es um die Theorie und das praktische Handling zu den Themen Wickeln, Baden und Pflegen.<\/p>\n\n\n\n<p><a href=\"https:\/\/www.hebammenpraxis-grow.de\/index.php\/kurse\/rueckbildungsgymnastik\/\" data-type=\"page\" data-id=\"81\">R\u00fcckbildungsgymnastik<\/a><\/p>\n\n\n\n<p>Eine Geburt und Schwangerschaft hinterl\u00e4sst Spuren, vor allem der Beckenboden und die Bauchmuskulatur wurden stark beansprucht.<\/p>\n\n\n\n<p>In diesem Kurs werden nach und nach alle Muskelpartien, die sich ver\u00e4ndert haben oder stark beansprucht wurden, wieder gekr\u00e4ftigt! Ihr werdet \u00dcbungen lernen, die Ihr zuhause weiter trainieren k\u00f6nnt.<\/p>\n\n\n\n<p><a href=\"https:\/\/www.hebammenpraxis-grow.de\/index.php\/kurse\/praeventionskurs-beckenboden\/\" data-type=\"page\" data-id=\"162\">\u201eHerzt\u00f6ne\u201c Pr\u00e4ventionskurs zum Erhalt der Beckenbodenkraft und Kontinenz<\/a><\/p>\n\n\n\n<p>In diesem Kurs dreht sich alles um unseren Beckenboden und dessen Kr\u00e4ftigung.<\/p>\n\n\n\n<p>Dieser Kurs ist f\u00fcr Frauen jeden Alters geeignet.<\/p>\n\n\n\n<h3><\/h3>\n\n\n\n<p><\/p>\n","protected":false},"excerpt":{"rendered":"<p>Geburtsvorbereitungskurs In diesem Kurs erfahrt ihr alles rund um die Geburt, das Wochenbett und die erste gemeinsame Zeit danach! Ihr habt die M\u00f6glichkeit euch mit anderen Schwangeren auszutauschen und all eure Fragen zu stellen. Geburtsvorbereitung: Crash-Kurs F\u00fcr Alle, die keine Zeit haben, einen Kurs \u00fcber mehrere Wochen zu besuchen oder einfach sp\u00e4t dran sind! S\u00e4uglingspflegekurs&#8230;<\/p>\n","protected":false},"author":2,"featured_media":0,"parent":0,"menu_order":0,"comment_status":"closed","ping_status":"closed","template":"nosidebar.php","meta":[],"_links":{"self":[{"href":"https:\/\/www.hebammenpraxis-grow.de\/index.php\/wp-json\/wp\/v2\/pages\/47"}],"collection":[{"href":"https:\/\/www.hebammenpraxis-grow.de\/index.php\/wp-json\/wp\/v2\/pages"}],"about":[{"href":"https:\/\/www.hebammenpraxis-grow.de\/index.php\/wp-json\/wp\/v2\/types\/page"}],"author":[{"embeddable":true,"href":"https:\/\/www.hebammenpraxis-grow.de\/index.php\/wp-json\/wp\/v2\/users\/2"}],"replies":[{"embeddable":true,"href":"https:\/\/www.hebammenpraxis-grow.de\/index.php\/wp-json\/wp\/v2\/comments?post=47"}],"version-history":[{"count":14,"href":"https:\/\/www.hebammenpraxis-grow.de\/index.php\/wp-json\/wp\/v2\/pages\/47\/revisions"}],"predecessor-version":[{"id":651,"href":"https:\/\/www.hebammenpraxis-grow.de\/index.php\/wp-json\/wp\/v2\/pages\/47\/revisions\/651"}],"wp:attachment":[{"href":"https:\/\/www.hebammenpraxis-grow.de\/index.php\/wp-json\/wp\/v2\/media?parent=47"}],"curies":[{"name":"wp","href":"https:\/\/api.w.org\/{rel}","templated":true}]}}