{"id":72,"date":"2020-11-14T11:11:35","date_gmt":"2020-11-14T10:11:35","guid":{"rendered":"http:\/\/praxis2.doradus.de\/?page_id=72"},"modified":"2025-02-27T08:00:31","modified_gmt":"2025-02-27T07:00:31","slug":"geburtsvorbereitungskurs","status":"publish","type":"page","link":"https:\/\/www.hebammenpraxis-grow.de\/index.php\/kurse\/geburtsvorbereitungskurs\/","title":{"rendered":"Geburtsvorbereitungskurs"},"content":{"rendered":"\n<h2 class=\"has-text-color\" style=\"color:#666666\"><em>\u201eVorfreude, Neugier, Zuversicht\u201c<\/em><\/h2>\n\n\n\n<p class=\"has-text-color\" style=\"color:#666666\">Mit der nahenden Geburt k\u00fcndigt sich eine gro\u00dfe Ver\u00e4nderung im Leben einer Frau und eines Paares an. Jeder fiebert dem neuen Familienmitglied entgegen!<\/p>\n\n\n\n<p class=\"has-text-color\" style=\"color:#666666\">In diesem Kurs erfahrt ihr alles rund um die Geburt, das Wochenbett und die erste gemeinsame Zeit danach! Ihr habt die M\u00f6glichkeit euch mit anderen Schwangeren auszutauschen und all eure Fragen zu stellen.<\/p>\n\n\n\n<h2 class=\"has-luminous-vivid-amber-color has-text-color\">Kurszeiten<\/h2>\n\n\n\n<p class=\"has-text-color\" style=\"color:#666666\"><strong>Mittwochs von 18.00 &#8211; 20.00 Uhr, 7 Kursabende<\/strong><br>Einen Abend mit Partner<\/p>\n\n\n\n<p class=\"has-text-color\" style=\"color:#666666\">Die Kosten hierf\u00fcr werden von den gesetzlichen Krankenkassen und den meisten privaten Krankenkassen \u00fcbernommen.<\/p>\n\n\n\n<p class=\"has-text-color\" style=\"color:#666666\">Der Kurs beinhaltet einen Partnerabend, die Geb\u00fchr von 20\u20ac muss selbst getragen werden. Diese wird aber von einigen Krankenkassen zur\u00fcck erstattet.<\/p>\n","protected":false},"excerpt":{"rendered":"<p>\u201eVorfreude, Neugier, Zuversicht\u201c Mit der nahenden Geburt k\u00fcndigt sich eine gro\u00dfe Ver\u00e4nderung im Leben einer Frau und eines Paares an. Jeder fiebert dem neuen Familienmitglied entgegen! In diesem Kurs erfahrt ihr alles rund um die Geburt, das Wochenbett und die erste gemeinsame Zeit danach! Ihr habt die M\u00f6glichkeit euch mit anderen Schwangeren auszutauschen und all&#8230;<\/p>\n","protected":false},"author":2,"featured_media":537,"parent":47,"menu_order":1,"comment_status":"closed","ping_status":"closed","template":"nosidebar.php","meta":[],"_links":{"self":[{"href":"https:\/\/www.hebammenpraxis-grow.de\/index.php\/wp-json\/wp\/v2\/pages\/72"}],"collection":[{"href":"https:\/\/www.hebammenpraxis-grow.de\/index.php\/wp-json\/wp\/v2\/pages"}],"about":[{"href":"https:\/\/www.hebammenpraxis-grow.de\/index.php\/wp-json\/wp\/v2\/types\/page"}],"author":[{"embeddable":true,"href":"https:\/\/www.hebammenpraxis-grow.de\/index.php\/wp-json\/wp\/v2\/users\/2"}],"replies":[{"embeddable":true,"href":"https:\/\/www.hebammenpraxis-grow.de\/index.php\/wp-json\/wp\/v2\/comments?post=72"}],"version-history":[{"count":16,"href":"https:\/\/www.hebammenpraxis-grow.de\/index.php\/wp-json\/wp\/v2\/pages\/72\/revisions"}],"predecessor-version":[{"id":653,"href":"https:\/\/www.hebammenpraxis-grow.de\/index.php\/wp-json\/wp\/v2\/pages\/72\/revisions\/653"}],"up":[{"embeddable":true,"href":"https:\/\/www.hebammenpraxis-grow.de\/index.php\/wp-json\/wp\/v2\/pages\/47"}],"wp:featuredmedia":[{"embeddable":true,"href":"https:\/\/www.hebammenpraxis-grow.de\/index.php\/wp-json\/wp\/v2\/media\/537"}],"wp:attachment":[{"href":"https:\/\/www.hebammenpraxis-grow.de\/index.php\/wp-json\/wp\/v2\/media?parent=72"}],"curies":[{"name":"wp","href":"https:\/\/api.w.org\/{rel}","templated":true}]}}