{"id":8,"date":"2020-11-10T21:53:52","date_gmt":"2020-11-10T20:53:52","guid":{"rendered":"http:\/\/praxis2.doradus.de\/?page_id=8"},"modified":"2020-12-23T21:34:50","modified_gmt":"2020-12-23T20:34:50","slug":"startseite","status":"publish","type":"page","link":"https:\/\/www.hebammenpraxis-grow.de\/","title":{"rendered":"Startseite"},"content":{"rendered":"\n<h1>Herzlich Willkommen in der Hebammenpraxis von Katharina Grow<\/h1>\n\n\n\n<h2><em>Start ins Abenteuer \u201eLeben\u201c<\/em><\/h2>\n\n\n\n<p>Liebe werdenden Mamas, Papas und Alle, die es schon sind\u2026 <br>Eine Schwangerschaft und die Zeit, in der man als Familie zusammenw\u00e4chst, ist \u00fcberw\u00e4ltigend sch\u00f6n, jedes Mal anders, immer wieder aufs Neue aufregend und niemals Routine.<\/p>\n\n\n\n<p>Ich freue mich Euch, in dieser sensiblen und besonderen Zeit rundum Schwangerschaft, Geburt, Wochenbett und Eltern werden, begleiten und beraten zu d\u00fcrfen.<\/p>\n\n\n\n<p>Hier findet Ihr meine Angebote. Viel Spa\u00df beim St\u00f6bern!<\/p>\n\n\n\n<p class=\"has-text-align-left handwriting\">Eure Katharina<\/p>\n\n\n\n<blockquote class=\"wp-block-quote\"><p>&#8222;Nur ein Kind&#8230;&nbsp;<br>schenkt so offen und unbefangen <br>so ehrlich und bedingungslos<br>seine Zeit und sein L\u00e4cheln<br>seine Aufmerksamkeit und sein Vertrauen<br>seine Zuneigung und sein kleines Herz.&#8220;<\/p><cite>Irmgard Erath<\/cite><\/blockquote>\n\n\n\n<div class=\"wp-block-image\"><figure class=\"aligncenter size-large\"><img loading=\"lazy\" width=\"700\" height=\"467\" src=\"https:\/\/www.hebammenpraxis-grow.de\/wp-content\/uploads\/2020\/12\/Raum-von-der-Kueche-aus-2-700x467.jpg\" alt=\"\" class=\"wp-image-546\" srcset=\"https:\/\/www.hebammenpraxis-grow.de\/wp-content\/uploads\/2020\/12\/Raum-von-der-Kueche-aus-2-700x467.jpg 700w, https:\/\/www.hebammenpraxis-grow.de\/wp-content\/uploads\/2020\/12\/Raum-von-der-Kueche-aus-2-300x200.jpg 300w, https:\/\/www.hebammenpraxis-grow.de\/wp-content\/uploads\/2020\/12\/Raum-von-der-Kueche-aus-2-768x512.jpg 768w, https:\/\/www.hebammenpraxis-grow.de\/wp-content\/uploads\/2020\/12\/Raum-von-der-Kueche-aus-2-1536x1024.jpg 1536w, https:\/\/www.hebammenpraxis-grow.de\/wp-content\/uploads\/2020\/12\/Raum-von-der-Kueche-aus-2-2048x1365.jpg 2048w, https:\/\/www.hebammenpraxis-grow.de\/wp-content\/uploads\/2020\/12\/Raum-von-der-Kueche-aus-2-800x533.jpg 800w\" sizes=\"(max-width: 700px) 100vw, 700px\" \/><\/figure><\/div>\n\n\n\n<p><\/p>\n","protected":false},"excerpt":{"rendered":"<p>Herzlich Willkommen in der Hebammenpraxis von Katharina Grow Start ins Abenteuer \u201eLeben\u201c Liebe werdenden Mamas, Papas und Alle, die es schon sind\u2026 Eine Schwangerschaft und die Zeit, in der man als Familie zusammenw\u00e4chst, ist \u00fcberw\u00e4ltigend sch\u00f6n, jedes Mal anders, immer wieder aufs Neue aufregend und niemals Routine. Ich freue mich Euch, in dieser sensiblen und&#8230;<\/p>\n","protected":false},"author":2,"featured_media":486,"parent":0,"menu_order":0,"comment_status":"closed","ping_status":"closed","template":"","meta":[],"_links":{"self":[{"href":"https:\/\/www.hebammenpraxis-grow.de\/index.php\/wp-json\/wp\/v2\/pages\/8"}],"collection":[{"href":"https:\/\/www.hebammenpraxis-grow.de\/index.php\/wp-json\/wp\/v2\/pages"}],"about":[{"href":"https:\/\/www.hebammenpraxis-grow.de\/index.php\/wp-json\/wp\/v2\/types\/page"}],"author":[{"embeddable":true,"href":"https:\/\/www.hebammenpraxis-grow.de\/index.php\/wp-json\/wp\/v2\/users\/2"}],"replies":[{"embeddable":true,"href":"https:\/\/www.hebammenpraxis-grow.de\/index.php\/wp-json\/wp\/v2\/comments?post=8"}],"version-history":[{"count":15,"href":"https:\/\/www.hebammenpraxis-grow.de\/index.php\/wp-json\/wp\/v2\/pages\/8\/revisions"}],"predecessor-version":[{"id":550,"href":"https:\/\/www.hebammenpraxis-grow.de\/index.php\/wp-json\/wp\/v2\/pages\/8\/revisions\/550"}],"wp:featuredmedia":[{"embeddable":true,"href":"https:\/\/www.hebammenpraxis-grow.de\/index.php\/wp-json\/wp\/v2\/media\/486"}],"wp:attachment":[{"href":"https:\/\/www.hebammenpraxis-grow.de\/index.php\/wp-json\/wp\/v2\/media?parent=8"}],"curies":[{"name":"wp","href":"https:\/\/api.w.org\/{rel}","templated":true}]}}